{"id":226,"date":"2023-10-02T12:44:44","date_gmt":"2023-10-02T10:44:44","guid":{"rendered":"https:\/\/karriere.inux-partner.de\/?page_id=226"},"modified":"2025-06-27T17:13:38","modified_gmt":"2025-06-27T15:13:38","slug":"impressum","status":"publish","type":"page","link":"https:\/\/karriere.more-than-birds.de\/es\/impressum\/","title":{"rendered":"Aviso legal"},"content":{"rendered":"<div data-elementor-type=\"wp-page\" data-elementor-id=\"226\" class=\"elementor elementor-226\" data-elementor-post-type=\"page\">\n\t\t\t\t\t\t<section class=\"elementor-section elementor-top-section elementor-element elementor-element-57f9cb9 elementor-section-boxed elementor-section-height-default elementor-section-height-default\" data-id=\"57f9cb9\" data-element_type=\"section\">\n\t\t\t\t\t\t<div class=\"elementor-container elementor-column-gap-default\">\n\t\t\t\t\t<div class=\"elementor-column elementor-col-100 elementor-top-column elementor-element elementor-element-82a2575\" data-id=\"82a2575\" data-element_type=\"column\">\n\t\t\t<div class=\"elementor-widget-wrap elementor-element-populated\">\n\t\t\t\t\t\t<div class=\"elementor-element elementor-element-2062695 elementor-widget elementor-widget-text-editor\" data-id=\"2062695\" data-element_type=\"widget\" data-widget_type=\"text-editor.default\">\n\t\t\t\t<div class=\"elementor-widget-container\">\n\t\t\t\t\t\t\t\t\t<section class=\"section nopaddingbot nopaddingtop\">\n<div class=\"container\">\n<h2>Verantwortlicher Herausgeber<\/h2>\n<p>iNUX Meyer &amp; Partner mbB<\/p>\n<p>Wirtschaftspr\u00fcfungsgesellschaft<\/p>\n<p>Steuerberatungsgesellschaft<\/p>\n<p>Salzachstra\u00dfe 9<\/p>\n<p>D-53332 Bornheim<\/p>\n<p>Telefon +49 (0) 2222 994005-0<\/p>\n<p>Telefax +49 (0) 2222 994005-9<\/p>\n<p>E-Mail:&nbsp;<a href=\"mailto:info@inux-partner.com\">info@inux-partner.com<\/a><\/p>\n<p><strong>Vertretungsberechtigte Gesellschafter (Partner)<\/strong>:<\/p>\n<p>Diplom-Volkswirt Udo Meyer Wirtschaftspr\u00fcfer | Steuerberater;<\/p>\n<p>Diplom-Kaufmann Christof Heinzerling Steuerberater<\/p>\n<p><strong>Sitz:<\/strong>&nbsp;Bornheim<\/p>\n<p><strong>Partnerschaftsregister:<\/strong>&nbsp;AG Essen PR 3030<\/p>\n<p><strong>USt-ID-Nr.:<\/strong>&nbsp;DE 815 506 800<\/p>\n<p><strong>Staat der Zulassung:<\/strong>&nbsp;Deutschland<\/p>\n<p><strong>Aufsichtsbeh\u00f6rden:<\/strong>&nbsp;Wirtschaftspr\u00fcferkammer (WPK), Rauchstra\u00dfe 26, 10787 Berlin<\/p>\n<\/div>\n<\/section>\n<section class=\"section nopaddingbot nopaddingtop\">\n<div class=\"container\">\n<h2>Unternehmensangaben nach Telemediengesetz (TMG) und Dienstleistungs-Informationspflichten-Verordnung (DL-InfoVO)<\/h2>\n<p>iNUX Meyer &amp; Partner mbB<\/p>\n<p>Wirtschaftspr\u00fcfungsgesellschaft<\/p>\n<p>Steuerberatungsgesellschaft<\/p>\n<p>Salzachstra\u00dfe 9<\/p>\n<p>D-53332 Bornheim<\/p>\n<p>Telefon +49 (0) 2222 994005-0<\/p>\n<p>Telefax +49 (0) 2222 994005-9<\/p>\n<p>E-Mail:&nbsp;<a href=\"mailto:info@inux-partner.com\">info@inux-partner.com<\/a><\/p>\n<p><strong>Vertretungsberechtigte Gesellschafter (Partner)<\/strong>:<\/p>\n<p>Diplom-Volkswirt Udo Meyer Wirtschaftspr\u00fcfer | Steuerberater;<\/p>\n<p>Diplom-Kaufmann Christof Heinzerling Steuerberater<\/p>\n<p><strong>Sitz:<\/strong>&nbsp;Bornheim<\/p>\n<p><strong>Partnerschaftsregister:<\/strong>&nbsp;AG Essen PR 3030<\/p>\n<p><strong>USt-ID-Nr.:<\/strong>&nbsp;DE 815 506 800<\/p>\n<p><strong>Staat der Zulassung:<\/strong>&nbsp;Deutschland<\/p>\n<p><strong>Aufsichtsbeh\u00f6rden:<\/strong>&nbsp;Wirtschaftspr\u00fcferkammer (WPK), Rauchstra\u00dfe 26, 10787 Berlin<\/p>\n<p>Die iNUX Meyer &amp; Partner mbB Wirtschaftspr\u00fcfungsgesellschaft Steuerberatungsgesellschaft ist als Wirtschaftspr\u00fcfungsgesellschaft in Deutschland zugelassen und unterliegt der Aufsicht der Wirtschaftspr\u00fcferkammer mit Sitz in Berlin, die als Aufsichtsbeh\u00f6rde bundesweit zust\u00e4ndig ist.<\/p>\n<p>Alle in der iNUX Meyer &amp; Partner mbB Wirtschaftspr\u00fcfungsgesellschaft Steuerberatungsgesellschaft t\u00e4tigen Wirtschaftspr\u00fcfer sind Mitglieder der Wirtschaftspr\u00fcferkammer und unterliegen damit auch ihrer Aufsichtspflicht.<\/p>\n<p>Der Berufsstand der Wirtschaftspr\u00fcfer unterliegt im Wesentlichen den Regelungen der Wirtschaftspr\u00fcferordnung (WPO), der Berufssatzung f\u00fcr Wirtschaftspr\u00fcfer und vereidigte Buchpr\u00fcfer, der Satzung f\u00fcr Qualit\u00e4tskontrolle und der Wirtschaftspr\u00fcfer-Berufshaftpflichtversicherungsverordnung. Informationen zu den berufsrechtlichen Regelungen finden Sie auf der Internetseite der Wirtschaftspr\u00fcferkammer:&nbsp;<a href=\"http:\/\/www.wpk.de\/rechtsvorschriften\/\">http:\/\/www.wpk.de\/rechtsvorschriften\/<\/a><\/p>\n<p>Die iNUX Meyer &amp; Partner mbB Wirtschaftspr\u00fcfungsgesellschaft Steuerberatungsgesellschaft sowie die f\u00fcr sie t\u00e4tigen Steuerberater sind Mitglieder der Steuerberaterkammer K\u00f6ln, die als Aufsichtsbeh\u00f6rde f\u00fcr sie zust\u00e4ndig ist.<\/p>\n<p>Der Berufsstand der Steuerberater unterliegt im Wesentlichen den Regelungen des Steuerberatungsgesetzes (StBerG), der Durchf\u00fchrungsverordnung zum Steuerberatergesetz (DVStB), der Berufsordnung der Bundessteuerberaterkammer (BOStB) und der Steuerberatergeb\u00fchrenverordnung (StBGebV). Diese berufsrechtlichen Regelungen k\u00f6nnen bei der Bundessteuerberaterkammer eingesehen werden:&nbsp;<a href=\"http:\/\/www.bstbk.de\/\">http:\/\/www.bstbk.de<\/a><\/p>\n<p>Die gesetzlichen Berufsbezeichnungen \u201eWirtschaftspr\u00fcfungsgesellschaft\u201d und \u201eWirtschaftspr\u00fcfer\u201d, \u201eSteuerberatungsgesellschaft\u201d und \u201eSteuerberater\u201d, wurden in der Bundesrepublik Deutschland verliehen.<\/p>\n<p>Die iNUX Meyer &amp; Partner Wirtschaftspr\u00fcfungsgesellschaft Steuerberatungsgesellschaft unterh\u00e4lt zur Absicherung ihrer Mandanten die nach \u00a7 8 Abs. 4 PartGG in Verbindung mit \u00a7 54 WPO bzw. \u00a7 67 StBerG vorgesehene Berufshaftpflichtversicherung, die das Risiko aus der gesamten T\u00e4tigkeit im Berufsspektrum der Wirtschaftspr\u00fcfer und Steuerberater abdeckt. Versicherer ist die Gothaer Allgemeine Versicherung AG, Gothaer Allee 1, 50969 K\u00f6ln. Der r\u00e4umliche Geltungsbereich des Versicherungsschutzes umfasst Dienstleistungen zumindest in den Mitgliedsl\u00e4ndern der europ\u00e4ischen Union.<\/p>\n<\/div>\n<\/section>\n<section class=\"section nopaddingbot nopaddingtop\">\n<div class=\"container\">\n<h2>Disclaimer<\/h2>\n<p>iNUX Meyer &amp; Partner mbB bem\u00fcht sich im Rahmen des Zumutbaren, auf dieser Website richtige und vollst\u00e4ndige Informationen zur Verf\u00fcgung zu stellen. iNUX Meyer &amp; Partner mbB \u00fcbernimmt jedoch keine Gew\u00e4hr f\u00fcr die Aktualit\u00e4t, Richtigkeit und Vollst\u00e4ndigkeit der auf dieser Website bereitgestellten Informationen. Gleiches gilt auch f\u00fcr die Inhalte externer Websites, auf die diese Site \u00fcber Hyperlinks direkt oder indirekt verweist und auf die iNUX Meyer &amp; Partner mbB keinen Einfluss hat.<\/p>\n<p>iNUX Meyer &amp; Partner mbB beh\u00e4lt sich das Recht vor, ohne vorherige Ank\u00fcndigung \u00c4nderungen oder Erg\u00e4nzungen der bereitgestellten Informationen vorzunehmen. Der Inhalt dieser Website ist urheberrechtlich gesch\u00fctzt. Die Vervielf\u00e4ltigung oder Verbreitung der hier bereitgestellten Texte bedarf der vorherigen schriftlichen Genehmigung der im Impressum genannten Personen.<\/p>\n<p>Die Informationen auf dieser Website stellen weder eine Dienstleistung via Internet dar, noch gelten sie als Aufforderung zur Online-Dienstleistung.<\/p>\n<\/div>\n<\/section>\n<section class=\"section nopaddingbot nopaddingtop\">\n<div class=\"container\">\n<h2>Lizenz<\/h2>\n<p>Das geistige Eigentum an Inhalt und Form der iNUX Meyer &amp; Partner mbB. Internet-Seiten steht der iNUX Meyer &amp; Partner mbB oder verbundenen Unternehmen zu, sofern nichts anderes angegeben wurde. Durch diese Internet-Seiten wird keine Lizenz zur Nutzung des geistigen Eigentums von iNUX Meyer &amp; Partner mbB erteilt.<\/p>\n<\/div>\n<\/section>\n<section class=\"section nopaddingtop\">\n<div class=\"container\">\n<h2>Quellen<\/h2>\n<p>Bildmaterial:&nbsp;<a href=\"https:\/\/pixabay.com\/de\/\">https:\/\/pixabay.com\/de\/<\/a><\/p>\n<p><a href=\"https:\/\/www.shutterstock.com\/de\/\">https:\/\/www.shutterstock.com\/de\/<\/a><\/p>\n<p><a href=\"https:\/\/www.pexels.com\/de-de\/\">https:\/\/www.pexels.com\/de-de\/<\/a><\/p>\n<p>Basisdesign:<font color=\"#333333\" style=\"font-size: 1rem;\">&nbsp;<\/font><font face=\"Times New Roman, serif\" style=\"font-size: 1rem;\"><font style=\"font-size: 12pt\"><font color=\"#0000ff\"><u><a href=\"https:\/\/themefisher.com\/products\/airspace-free-bootstrap-website-template\/\"><font color=\"#c94c36\"><font face=\"Arial, serif\"><font style=\"font-size: 11pt\"><span lang=\"en-US\">https:\/\/themefisher.com\/products\/airspace-free-bootstrap-website-template\/<\/span><\/font><\/font><\/font><\/a><\/u><\/font><\/font><\/font><\/p>\n<\/div>\n<\/section>\t\t\t\t\t\t\t\t<\/div>\n\t\t\t\t<\/div>\n\t\t\t\t\t<\/div>\n\t\t<\/div>\n\t\t\t\t\t<\/div>\n\t\t<\/section>\n\t\t\t\t<\/div>","protected":false},"excerpt":{"rendered":"<p>Verantwortlicher Herausgeber iNUX Meyer &amp; Partner mbB Wirtschaftspr\u00fcfungsgesellschaft Steuerberatungsgesellschaft Salzachstra\u00dfe 9 D-53332 Bornheim Telefon +49 (0) 2222 994005-0 Telefax +49 (0) 2222 994005-9 E-Mail:&nbsp;info@inux-partner.com Vertretungsberechtigte Gesellschafter (Partner): Diplom-Volkswirt Udo Meyer Wirtschaftspr\u00fcfer | Steuerberater; Diplom-Kaufmann Christof Heinzerling Steuerberater Sitz:&nbsp;Bornheim Partnerschaftsregister:&nbsp;AG Essen PR 3030 USt-ID-Nr.:&nbsp;DE 815 506 800 Staat der Zulassung:&nbsp;Deutschland Aufsichtsbeh\u00f6rden:&nbsp;Wirtschaftspr\u00fcferkammer (WPK), Rauchstra\u00dfe 26, 10787 Berlin [&hellip;]<\/p>","protected":false},"author":1,"featured_media":0,"parent":0,"menu_order":0,"comment_status":"closed","ping_status":"closed","template":"","meta":{"footnotes":""},"class_list":["post-226","page","type-page","status-publish","hentry"],"aioseo_notices":[],"_links":{"self":[{"href":"https:\/\/karriere.more-than-birds.de\/es\/wp-json\/wp\/v2\/pages\/226","targetHints":{"allow":["GET"]}}],"collection":[{"href":"https:\/\/karriere.more-than-birds.de\/es\/wp-json\/wp\/v2\/pages"}],"about":[{"href":"https:\/\/karriere.more-than-birds.de\/es\/wp-json\/wp\/v2\/types\/page"}],"author":[{"embeddable":true,"href":"https:\/\/karriere.more-than-birds.de\/es\/wp-json\/wp\/v2\/users\/1"}],"replies":[{"embeddable":true,"href":"https:\/\/karriere.more-than-birds.de\/es\/wp-json\/wp\/v2\/comments?post=226"}],"version-history":[{"count":6,"href":"https:\/\/karriere.more-than-birds.de\/es\/wp-json\/wp\/v2\/pages\/226\/revisions"}],"predecessor-version":[{"id":329,"href":"https:\/\/karriere.more-than-birds.de\/es\/wp-json\/wp\/v2\/pages\/226\/revisions\/329"}],"wp:attachment":[{"href":"https:\/\/karriere.more-than-birds.de\/es\/wp-json\/wp\/v2\/media?parent=226"}],"curies":[{"name":"wp","href":"https:\/\/api.w.org\/{rel}","templated":true}]}}