{"id":226,"date":"2023-10-02T12:44:44","date_gmt":"2023-10-02T10:44:44","guid":{"rendered":"https:\/\/karriere.inux-partner.de\/?page_id=226"},"modified":"2025-06-27T17:13:38","modified_gmt":"2025-06-27T15:13:38","slug":"impressum","status":"publish","type":"page","link":"https:\/\/karriere.more-than-birds.de\/en\/impressum\/","title":{"rendered":"Legal Notice"},"content":{"rendered":"<div data-elementor-type=\"wp-page\" data-elementor-id=\"226\" class=\"elementor elementor-226\" data-elementor-post-type=\"page\">\n\t\t\t\t\t\t<section class=\"elementor-section elementor-top-section elementor-element elementor-element-57f9cb9 elementor-section-boxed elementor-section-height-default elementor-section-height-default\" data-id=\"57f9cb9\" data-element_type=\"section\">\n\t\t\t\t\t\t<div class=\"elementor-container elementor-column-gap-default\">\n\t\t\t\t\t<div class=\"elementor-column elementor-col-100 elementor-top-column elementor-element elementor-element-82a2575\" data-id=\"82a2575\" data-element_type=\"column\">\n\t\t\t<div class=\"elementor-widget-wrap elementor-element-populated\">\n\t\t\t\t\t\t<div class=\"elementor-element elementor-element-2062695 elementor-widget elementor-widget-text-editor\" data-id=\"2062695\" data-element_type=\"widget\" data-widget_type=\"text-editor.default\">\n\t\t\t\t<div class=\"elementor-widget-container\">\n\t\t\t\t\t\t\t\t\t<section class=\"section nopaddingbot nopaddingtop\">\n<div class=\"container\">\n<h2>Responsible Editor<\/h2>\n<p>iNUX Meyer &amp; Partner mbB<\/p>\n<p>Wirtschaftspr\u00fcfungsgesellschaft<\/p>\n<p>Steuerberatungsgesellschaft<\/p>\n<p>Salzachstra\u00dfe 9<\/p>\n<p>D-53332 Bornheim<\/p>\n<p>Phone +49 (0) 2222 994005-0<\/p>\n<p>Fax +49 (0) 2222 994005-9<\/p>\n<p>e-mail&nbsp;<a href=\"mailto:info@inux-partner.com\">info@inux-partner.com<\/a><\/p>\n<p><strong>Authorized Partners:<\/strong>:<\/p>\n<p>Graduate Economist Udo Meyer Auditor | Tax Advisor;<\/p>\n<p>Graduate in Business Administration Christof Heinzerling Tax Advisor<\/p>\n<p><strong>Registered Office:<\/strong>&nbsp;Bornheim<\/p>\n<p><strong>Partnership Register:<\/strong>&nbsp;\u00a0Local Court of Essen PR 3030<\/p>\n<p><strong>VAT ID No:<\/strong>&nbsp;DE 815 506 800<\/p>\n<p><strong>Country of Admission:<\/strong>&nbsp;Germany<\/p>\n<p><strong>Supervisory Authorities:<\/strong>&nbsp;Chamber of Public Auditors (WPK), Rauchstra\u00dfe 26, 10787 Berlin<\/p>\n<\/div>\n<\/section>\n<section class=\"section nopaddingbot nopaddingtop\">\n<div class=\"container\">\n<h2>Company Information according to the Telemedia Act (TMG) and the Services Information Obligations Ordinance (DL-InfoVO)<\/h2>\n<p>iNUX Meyer &amp; Partner mbB<\/p>\n<p>Wirtschaftspr\u00fcfungsgesellschaft<\/p>\n<p>Steuerberatungsgesellschaft<\/p>\n<p>Salzachstra\u00dfe 9<\/p>\n<p>D-53332 Bornheim<\/p>\n<p>Phone +49 (0) 2222 994005-0<\/p>\n<p>Fax +49 (0) 2222 994005-9<\/p>\n<p>e-mail&nbsp;<a href=\"mailto:info@inux-partner.com\">info@inux-partner.com<\/a><\/p>\n<p><strong>Authorized Partners:<\/strong>:<\/p>\n<p>Graduate Economist Udo Meyer Auditor | Tax Advisor;<\/p>\n<p>Graduate in Business Administration Christof Heinzerling Tax Advisor<\/p>\n<p><strong>Registered Office:<\/strong>&nbsp;Bornheim<\/p>\n<p><strong>Partnership Register:<\/strong>&nbsp;\u00a0Local Court of Essen PR 3030<\/p>\n<p><strong>VAT ID No:<\/strong>&nbsp;DE 815 506 800<\/p>\n<p><strong>Country of Admission:<\/strong>&nbsp;Germany<\/p>\n<p><strong>Supervisory Authorities:<\/strong>&nbsp;Chamber of Public Auditors (WPK), Rauchstra\u00dfe 26, 10787 Berlin<\/p>\n<p>iNUX Meyer &amp; Partner mbB Wirtschaftspr\u00fcfungsgesellschaft Steuerberatungsgesellschaft is licensed as an auditing company in Germany and is supervised by the Chamber of Public Auditors based in Berlin, which acts as the nationwide supervisory authority.<\/p>\n<p>All auditors working at iNUX Meyer &amp; Partner mbB Wirtschaftspr\u00fcfungsgesellschaft Steuerberatungsgesellschaft are members of the Chamber of Public Auditors and are therefore subject to its supervisory authority.<\/p>\n<p>The professional group of auditors is primarily subject to the regulations of the Auditor Regulation Act (Wirtschaftspr\u00fcferordnung, WPO), the Professional Code for Auditors and Sworn Accountants, the Quality Control Statutes, and the Auditor Professional Liability Insurance Regulation. Information on the professional regulations can be found on the website of the Chamber of Public Accountants:\u00a0http:\/\/www.wpk.de\/rechtsvorschriften\/&nbsp;<a href=\"http:\/\/www.wpk.de\/rechtsvorschriften\/\">http:\/\/www.wpk.de\/rechtsvorschriften\/<\/a><\/p>\n<p>The iNUX Meyer &amp; Partner mbB Wirtschaftspr\u00fcfungsgesellschaft Steuerberatungsgesellschaft as well as the tax consultants working for it, are members of the Cologne Chamber of Tax consultants, which serves as their supervisory authority.<\/p>\n<p>The profession of tax consultants is primarily subject to the regulations of the Tax Consulting Act (Steuerberatungsgesetz, StBerG), the implementing Regulation to the Tax Consultant Act (Durchf\u00fchrungsverordnung zum Steuerberatungsgesetz, DVStB), the Professional Code of the Federal Chamber of Tax Consultants (Berufsordnung der Bundessteuerberaterkammer, BOStB), and the Tax Consultant Fees Ordinance (Steuerberatergeb\u00fchrenverordnung, StBGebV). These professional regulations can be accessed at the Federal Chamber of Tax Consultants:\u00a0http:\/\/www.bstbk.de&nbsp;<a href=\"http:\/\/www.bstbk.de\/\">http:\/\/www.bstbk.de<\/a><\/p>\n<p>The statutory professional titles \u201eWirtschaftspr\u00fcfungsgesellschaft\u201d and \u201eWirtschaftspr\u00fcfer\u201d, as well as \u201eSteuerberatungsgesellschaft\u201d and \u201eSteuerberater\u201d, were conferred in the Federal Republic of Germany.<\/p>\n<p>The iNUX Meyer &amp; Partner Wirtschaftspr\u00fcfungsgesellschaft Steuerberatungsgesellschaft maintains the professional liability insurance required under \u00a7 8 (4) of the German Partnership Act (PartGG) in conjunction with \u00a7 54 of the German Public Accountant Act (WPO) and \u00a7 67 of the German Tax Consultancy Act (StBerG) to protect its clients. This insurance covers risks arising from all activities within the professional scope of auditors and tax advisors. The insurer is Gothaer Allgemeine Versicherung AG, Gothaer Allee 1, 50969 Cologne, Germany. The geographical scope of the insurance coverage includes at least the member states of the European Union.<\/p>\n<\/div>\n<\/section>\n<section class=\"section nopaddingbot nopaddingtop\">\n<div class=\"container\">\n<h2>Disclaimer<\/h2>\n<p>iNUX Meyer &amp; Partner mbB makes every reasonable effort to provide accurate and complete information on this website. However, iNUX Meyer &amp; Partner mbB does not guarantee the timeless, accuracy, or completeness of the information provided. The same applies to teh content of external websites to which this site refers directly or indirectly via hyperlinks and over which iNUX Meyer &amp; Partner mbB has no control.<\/p>\n<p>iNUX Meyer &amp; Partner mbB reserves the right to make changes or additions to the information provided on this website at any time without prior notice. The content of this website is protected by copyright. The reproduction or distribution of the texts provided here requires the prior written consent of the persons named in the legal notice.<\/p>\n<p>The information on this website does not constitute a service provided via the internet, nor does it constitute an invitation to provide online services.<\/p>\n<\/div>\n<\/section>\n<section class=\"section nopaddingbot nopaddingtop\">\n<div class=\"container\">\n<h2>License<\/h2>\n<p>The intellectual property rights to the content and design of the iNUX Meyer &amp; Partner mbB website belong to iNUX Meyer &amp; Partner mbB or its affiliated companies, unless otherwise stated. No license to use the intellectual property of iNUX Meyer &amp; Partner mbB is granted through this website.<\/p>\n<\/div>\n<\/section>\n<section class=\"section nopaddingtop\">\n<div class=\"container\">\n<h2>Sources<\/h2>\n<p>Images:&nbsp;<a href=\"https:\/\/pixabay.com\/de\/\">https:\/\/pixabay.com\/de\/<\/a><\/p>\n<p><a href=\"https:\/\/www.shutterstock.com\/de\/\">https:\/\/www.shutterstock.com\/de\/<\/a><\/p>\n<p><a href=\"https:\/\/www.pexels.com\/de-de\/\">https:\/\/www.pexels.com\/de-de\/<\/a><\/p>\n<p>Basisdesign:<font color=\"#333333\" style=\"font-size: 1rem;\">&nbsp;<\/font><font face=\"Times New Roman, serif\" style=\"font-size: 1rem;\"><font style=\"font-size: 12pt\"><font color=\"#0000ff\"><u><a href=\"https:\/\/themefisher.com\/products\/airspace-free-bootstrap-website-template\/\"><font color=\"#c94c36\"><font face=\"Arial, serif\"><font style=\"font-size: 11pt\"><span lang=\"en-US\">https:\/\/themefisher.com\/products\/airspace-free-bootstrap-website-template\/<\/span><\/font><\/font><\/font><\/a><\/u><\/font><\/font><\/font><\/p>\n<\/div>\n<\/section>\t\t\t\t\t\t\t\t<\/div>\n\t\t\t\t<\/div>\n\t\t\t\t\t<\/div>\n\t\t<\/div>\n\t\t\t\t\t<\/div>\n\t\t<\/section>\n\t\t\t\t<\/div>","protected":false},"excerpt":{"rendered":"<p>Verantwortlicher Herausgeber iNUX Meyer &amp; Partner mbB Wirtschaftspr\u00fcfungsgesellschaft Steuerberatungsgesellschaft Salzachstra\u00dfe 9 D-53332 Bornheim Telefon +49 (0) 2222 994005-0 Telefax +49 (0) 2222 994005-9 E-Mail:&nbsp;info@inux-partner.com Vertretungsberechtigte Gesellschafter (Partner): Diplom-Volkswirt Udo Meyer Wirtschaftspr\u00fcfer | Steuerberater; Diplom-Kaufmann Christof Heinzerling Steuerberater Sitz:&nbsp;Bornheim Partnerschaftsregister:&nbsp;AG Essen PR 3030 USt-ID-Nr.:&nbsp;DE 815 506 800 Staat der Zulassung:&nbsp;Deutschland Aufsichtsbeh\u00f6rden:&nbsp;Wirtschaftspr\u00fcferkammer (WPK), Rauchstra\u00dfe 26, 10787 Berlin [&hellip;]<\/p>","protected":false},"author":1,"featured_media":0,"parent":0,"menu_order":0,"comment_status":"closed","ping_status":"closed","template":"","meta":{"footnotes":""},"class_list":["post-226","page","type-page","status-publish","hentry"],"aioseo_notices":[],"_links":{"self":[{"href":"https:\/\/karriere.more-than-birds.de\/en\/wp-json\/wp\/v2\/pages\/226","targetHints":{"allow":["GET"]}}],"collection":[{"href":"https:\/\/karriere.more-than-birds.de\/en\/wp-json\/wp\/v2\/pages"}],"about":[{"href":"https:\/\/karriere.more-than-birds.de\/en\/wp-json\/wp\/v2\/types\/page"}],"author":[{"embeddable":true,"href":"https:\/\/karriere.more-than-birds.de\/en\/wp-json\/wp\/v2\/users\/1"}],"replies":[{"embeddable":true,"href":"https:\/\/karriere.more-than-birds.de\/en\/wp-json\/wp\/v2\/comments?post=226"}],"version-history":[{"count":6,"href":"https:\/\/karriere.more-than-birds.de\/en\/wp-json\/wp\/v2\/pages\/226\/revisions"}],"predecessor-version":[{"id":329,"href":"https:\/\/karriere.more-than-birds.de\/en\/wp-json\/wp\/v2\/pages\/226\/revisions\/329"}],"wp:attachment":[{"href":"https:\/\/karriere.more-than-birds.de\/en\/wp-json\/wp\/v2\/media?parent=226"}],"curies":[{"name":"wp","href":"https:\/\/api.w.org\/{rel}","templated":true}]}}